{"id":32,"date":"2024-11-29T19:50:27","date_gmt":"2024-11-29T18:50:27","guid":{"rendered":"https:\/\/www.esra-bibelnfueralle.de\/?page_id=32"},"modified":"2024-12-02T10:37:01","modified_gmt":"2024-12-02T09:37:01","slug":"projekte","status":"publish","type":"page","link":"https:\/\/www.esra-bibelnfueralle.de\/?page_id=32","title":{"rendered":"Projekte"},"content":{"rendered":"<blockquote><p><strong>Und das\u00a0Wort Gottes wuchs und breitete sich aus<\/strong><br \/>\nApo. 12, 24<\/p><\/blockquote>\n<p>ESRA setzt sich f\u00fcr die Verbreitung des Evangeliums ein. Wir unterst\u00fctzen Projekte f\u00fcr die Weitergabe von Bibeln, Bibelteilen und evangelistischen Schriften.<\/p>\n<p>ESRA arbeitet dabei mit namhaften Partnerorganisationen zusammen.<\/p>\n<p>Alle Mitarbeiter von ESRA arbeiten ehrenamtlich. Damit k\u00f6nnen wir sicherstellen, dass die uns anvertrauten Spenden nahezu vollst\u00e4ndig den Projekten zugute kommen.<\/p>\n<p>&nbsp;<\/p>\n","protected":false},"excerpt":{"rendered":"<p>Und das\u00a0Wort Gottes wuchs und breitete sich aus Apo. 12, 24 ESRA setzt sich f\u00fcr die Verbreitung des Evangeliums ein. Wir unterst\u00fctzen Projekte f\u00fcr die Weitergabe von Bibeln, Bibelteilen und evangelistischen Schriften. ESRA arbeitet dabei mit namhaften Partnerorganisationen zusammen. Alle Mitarbeiter von ESRA arbeiten ehrenamtlich. Damit k\u00f6nnen wir sicherstellen, dass die uns anvertrauten Spenden nahezu &hellip; <a href=\"https:\/\/www.esra-bibelnfueralle.de\/?page_id=32\" class=\"more-link\"><span class=\"screen-reader-text\">\u201eProjekte\u201c <\/span>weiterlesen<\/a><\/p>\n","protected":false},"author":1,"featured_media":0,"parent":0,"menu_order":0,"comment_status":"closed","ping_status":"closed","template":"","meta":{"footnotes":""},"class_list":["post-32","page","type-page","status-publish","hentry"],"_links":{"self":[{"href":"https:\/\/www.esra-bibelnfueralle.de\/index.php?rest_route=\/wp\/v2\/pages\/32","targetHints":{"allow":["GET"]}}],"collection":[{"href":"https:\/\/www.esra-bibelnfueralle.de\/index.php?rest_route=\/wp\/v2\/pages"}],"about":[{"href":"https:\/\/www.esra-bibelnfueralle.de\/index.php?rest_route=\/wp\/v2\/types\/page"}],"author":[{"embeddable":true,"href":"https:\/\/www.esra-bibelnfueralle.de\/index.php?rest_route=\/wp\/v2\/users\/1"}],"replies":[{"embeddable":true,"href":"https:\/\/www.esra-bibelnfueralle.de\/index.php?rest_route=%2Fwp%2Fv2%2Fcomments&post=32"}],"version-history":[{"count":4,"href":"https:\/\/www.esra-bibelnfueralle.de\/index.php?rest_route=\/wp\/v2\/pages\/32\/revisions"}],"predecessor-version":[{"id":81,"href":"https:\/\/www.esra-bibelnfueralle.de\/index.php?rest_route=\/wp\/v2\/pages\/32\/revisions\/81"}],"wp:attachment":[{"href":"https:\/\/www.esra-bibelnfueralle.de\/index.php?rest_route=%2Fwp%2Fv2%2Fmedia&parent=32"}],"curies":[{"name":"wp","href":"https:\/\/api.w.org\/{rel}","templated":true}]}}