{"id":30,"date":"2024-11-29T19:50:27","date_gmt":"2024-11-29T18:50:27","guid":{"rendered":"https:\/\/www.esra-bibelnfueralle.de\/?page_id=30"},"modified":"2024-11-29T22:04:20","modified_gmt":"2024-11-29T21:04:20","slug":"impressum","status":"publish","type":"page","link":"https:\/\/www.esra-bibelnfueralle.de\/?page_id=30","title":{"rendered":"Impressum"},"content":{"rendered":"<div class=\"ce_text block\">\n<h3>Angaben gem\u00e4\u00df \u00a7 5 TMG:<\/h3>\n<\/div>\n<div class=\"rs-columns ce_rs_columns_start\">\n<div class=\"ce_rs_column_start rs-column -large-col-5-2 -large-first -large-first-row -medium-col-2-1 -medium-first -medium-first-row -small-col-1-1 -small-first -small-last -small-first-row\">\n<div class=\"ce_text block\">\n<p class=\"bodytext\"><strong>ESRA &#8211; Bibeln f\u00fcr alle<br \/>\n<\/strong>GF Andreas Hemminger<strong><br \/>\n<\/strong>Narzissenweg 10<br \/>\n73770 Denkendorf<br \/>\nGermany<br \/>\nTelefon: +49 711 3461997<br \/>\nE-Mail:\u00a0hemminger[add]ESRA-Bibelnfueralle.de<\/p>\n<\/div>\n<\/div>\n<div class=\"ce_rs_column_start rs-column -large-col-5-3 -large-last -large-first-row -medium-col-2-1 -medium-last -medium-first-row -small-col-1-1 -small-first -small-last\">\n<div class=\"ce_text block\">\n<p class=\"bodytext\"><strong>Vertreten durch<\/strong><br \/>\nPfr. Albrecht Hoch, Stuttgart (1. Vorsitzender)<br \/>\nDieter Abrell, Stuttgart (2. Vorsitzender)<\/p>\n<p><strong>Registereintrag<\/strong>\u00a0<strong>im Vereinsregister<\/strong><br \/>\nRegistergericht: Amtsgericht Bonn<br \/>\nRegisternummer: VR 5150<\/p>\n<p><strong>Inhaltlich verantwortlich\u00a0<\/strong>\u00a0\u00a0\u00a0<strong><br \/>\n<\/strong>Andreas Hemminger<br \/>\nNarzissenweg 10<br \/>\n73770 Denkendorf<br \/>\nGermany<\/p>\n<p><strong>Bankverbindung<\/strong>:<br \/>\nEvang. Bank e.G., Kassel<br \/>\nKonto-Nr. 415898\u00a0 BLZ 52060410<br \/>\nIBAN: DE94520604100000415898<br \/>\nBIC: GENODEF1EK1<\/p>\n<\/div>\n<\/div>\n<\/div>\n<h2 class=\"ce_headline\">Streitschlichtung<\/h2>\n<div class=\"ce_text block\">\n<p>Die EU-Kommission stellt im Internet unter folgendem Link eine Plattform zur Online-Streitbeilegung bereit:\u00a0<a href=\"http:\/\/ec.europa.eu\/consumers\/odr\">http:\/\/ec.europa.eu\/consumers\/odr<\/a>\u00a0.Wir sind zur Teilnahme an einem Streitbeilegungsverfahren vor einer Verbraucherschlichtungsstelle weder bereit noch verpflichtet.<\/p>\n<\/div>\n<h2 class=\"ce_headline\">Haftungsausschluss<\/h2>\n<div class=\"ce_text block\">\n<h3>Haftung f\u00fcr Inhalte<\/h3>\n<p>Die Inhalte unserer Seiten wurden mit gr\u00f6\u00dfter Sorgfalt erstellt. F\u00fcr die Richtigkeit, Vollst\u00e4ndigkeit und Aktualit\u00e4t der Inhalte k\u00f6nnen wir jedoch keine Gew\u00e4hr \u00fcbernehmen. Wir behalten uns vor, Inhalte ohne vorherige Ank\u00fcndigung zu erg\u00e4nzen, zu ver\u00e4ndern oder zu l\u00f6schen.<\/p>\n<p>Als Diensteanbieter sind wir gem\u00e4\u00df \u00a7 7 Abs.1 TMG f\u00fcr eigene Inhalte auf diesen Seiten nach den allgemeinen Gesetzen verantwortlich. Nach \u00a7\u00a7 8 bis 10 TMG sind wir als Diensteanbieter jedoch nicht verpflichtet, \u00fcbermittelte oder gespeicherte fremde Informationen zu \u00fcberwachen oder nach Umst\u00e4nden zu forschen, die auf eine rechtswidrige T\u00e4tigkeit hinweisen.<\/p>\n<p>Verpflichtungen zur Entfernung oder Sperrung der Nutzung von Informationen nach den allgemeinen Gesetzen bleiben hiervon unber\u00fchrt. Eine diesbez\u00fcgliche Haftung ist jedoch erst ab dem Zeitpunkt der Kenntnis einer konkreten Rechtsverletzung m\u00f6glich. Bei Bekanntwerden von entsprechenden Rechtsverletzungen werden wir diese Inhalte umgehend entfernen.<\/p>\n<h3>Haftung f\u00fcr Links<\/h3>\n<p>Unser Angebot enth\u00e4lt Links zu externen Webseiten Dritter, auf deren Inhalte wir keinen Einfluss haben. Deshalb k\u00f6nnen wir f\u00fcr diese fremden Inhalte auch keine Gew\u00e4hr \u00fcbernehmen. F\u00fcr die Inhalte der verlinkten Seiten ist stets der jeweilige Anbieter oder Betreiber der Seiten verantwortlich. Die verlinkten Seiten wurden zum Zeitpunkt der Verlinkung auf m\u00f6gliche Rechtsverst\u00f6\u00dfe \u00fcberpr\u00fcft. Rechtswidrige Inhalte waren zum Zeitpunkt der Verlinkung nicht erkennbar. Eine permanente inhaltliche Kontrolle der verlinkten Seiten ist jedoch ohne konkrete Anhaltspunkte einer Rechtsverletzung nicht zumutbar. Bei Bekanntwerden von Rechtsverletzungen werden wir derartige Links umgehend entfernen.<\/p>\n<\/div>\n<div class=\"ce_text block\">\n<h2>Urheberrecht<\/h2>\n<p>Die durch die Seitenbetreiber erstellten Inhalte und Werke auf diesen Seiten unterliegen dem deutschen Urheberrecht. Die Vervielf\u00e4ltigung, Bearbeitung, Verbreitung und jede Art der Verwertung au\u00dferhalb der Grenzen des Urheberrechtes bed\u00fcrfen der schriftlichen Zustimmung des jeweiligen Autors bzw. Erstellers. Downloads und Kopien dieser Seite sind nur f\u00fcr den privaten Gebrauch gestattet. Eine weitere Nutzung bedarf der ausdr\u00fccklichen Genehmigung durch ESRA e.V. Eine entgeltliche Weitergabe der Inhalte an Dritte ist nicht gestattet.<\/p>\n<p>Soweit die Inhalte auf dieser Seite nicht vom Betreiber erstellt wurden, werden die Urheberrechte Dritter beachtet. Insbesondere werden Inhalte Dritter als solche gekennzeichnet. Sollten Sie trotzdem auf eine Urheberrechtsverletzung aufmerksam werden, bitten wir um einen entsprechenden Hinweis. Bei Bekanntwerden von Rechtsverletzungen werden wir derartige Inhalte umgehend entfernen.<\/p>\n<\/div>\n<div><\/div>\n<div class=\"ce_text block\">\n<p>Verwendete Quelle:\u00a0<a href=\"https:\/\/www.e-recht24.de\/\">www.e-recht24.de<\/a><\/p>\n<\/div>\n","protected":false},"excerpt":{"rendered":"<p>Angaben gem\u00e4\u00df \u00a7 5 TMG: ESRA &#8211; Bibeln f\u00fcr alle GF Andreas Hemminger Narzissenweg 10 73770 Denkendorf Germany Telefon: +49 711 3461997 E-Mail:\u00a0hemminger[add]ESRA-Bibelnfueralle.de Vertreten durch Pfr. Albrecht Hoch, Stuttgart (1. Vorsitzender) Dieter Abrell, Stuttgart (2. Vorsitzender) Registereintrag\u00a0im Vereinsregister Registergericht: Amtsgericht Bonn Registernummer: VR 5150 Inhaltlich verantwortlich\u00a0\u00a0\u00a0\u00a0 Andreas Hemminger Narzissenweg 10 73770 Denkendorf Germany Bankverbindung: Evang. &hellip; <a href=\"https:\/\/www.esra-bibelnfueralle.de\/?page_id=30\" class=\"more-link\"><span class=\"screen-reader-text\">\u201eImpressum\u201c <\/span>weiterlesen<\/a><\/p>\n","protected":false},"author":1,"featured_media":0,"parent":0,"menu_order":0,"comment_status":"closed","ping_status":"closed","template":"","meta":{"footnotes":""},"class_list":["post-30","page","type-page","status-publish","hentry"],"_links":{"self":[{"href":"https:\/\/www.esra-bibelnfueralle.de\/index.php?rest_route=\/wp\/v2\/pages\/30","targetHints":{"allow":["GET"]}}],"collection":[{"href":"https:\/\/www.esra-bibelnfueralle.de\/index.php?rest_route=\/wp\/v2\/pages"}],"about":[{"href":"https:\/\/www.esra-bibelnfueralle.de\/index.php?rest_route=\/wp\/v2\/types\/page"}],"author":[{"embeddable":true,"href":"https:\/\/www.esra-bibelnfueralle.de\/index.php?rest_route=\/wp\/v2\/users\/1"}],"replies":[{"embeddable":true,"href":"https:\/\/www.esra-bibelnfueralle.de\/index.php?rest_route=%2Fwp%2Fv2%2Fcomments&post=30"}],"version-history":[{"count":6,"href":"https:\/\/www.esra-bibelnfueralle.de\/index.php?rest_route=\/wp\/v2\/pages\/30\/revisions"}],"predecessor-version":[{"id":79,"href":"https:\/\/www.esra-bibelnfueralle.de\/index.php?rest_route=\/wp\/v2\/pages\/30\/revisions\/79"}],"wp:attachment":[{"href":"https:\/\/www.esra-bibelnfueralle.de\/index.php?rest_route=%2Fwp%2Fv2%2Fmedia&parent=30"}],"curies":[{"name":"wp","href":"https:\/\/api.w.org\/{rel}","templated":true}]}}