{"id":2,"date":"2024-11-26T20:54:22","date_gmt":"2024-11-26T20:54:22","guid":{"rendered":"https:\/\/www.esra-bibelnfueralle.de\/?page_id=2"},"modified":"2024-11-29T21:38:42","modified_gmt":"2024-11-29T20:38:42","slug":"sample-page","status":"publish","type":"page","link":"https:\/\/www.esra-bibelnfueralle.de\/","title":{"rendered":"Willkommen bei ESRA e.V."},"content":{"rendered":"<blockquote><p><strong>Und seid nicht bek\u00fcmmert; denn die Freude am HERRN ist eure St\u00e4rke<\/strong>. Und die Leviten hie\u00dfen alles Volk schweigen und sprachen: Seid still, denn der Tag ist heilig; seid nicht bek\u00fcmmert!\u2002Und alles Volk ging hin, (..) denn sie hatten die Worte verstanden, die man ihnen kundgetan hatte.<\/p>\n<p>Nehemia 8, 10ff<\/p><\/blockquote>\n<p>&nbsp;<\/p>\n<p><img loading=\"lazy\" decoding=\"async\" class=\"wp-image-24 alignleft\" src=\"https:\/\/www.esra-bibelnfueralle.de\/wp-content\/uploads\/2024\/11\/Albrecht_Hoch_2-195x300.jpg\" alt=\"\" width=\"112\" height=\"172\" srcset=\"https:\/\/www.esra-bibelnfueralle.de\/wp-content\/uploads\/2024\/11\/Albrecht_Hoch_2-195x300.jpg 195w, https:\/\/www.esra-bibelnfueralle.de\/wp-content\/uploads\/2024\/11\/Albrecht_Hoch_2-665x1024.jpg 665w, https:\/\/www.esra-bibelnfueralle.de\/wp-content\/uploads\/2024\/11\/Albrecht_Hoch_2-768x1182.jpg 768w, https:\/\/www.esra-bibelnfueralle.de\/wp-content\/uploads\/2024\/11\/Albrecht_Hoch_2-998x1536.jpg 998w, https:\/\/www.esra-bibelnfueralle.de\/wp-content\/uploads\/2024\/11\/Albrecht_Hoch_2-1331x2048.jpg 1331w, https:\/\/www.esra-bibelnfueralle.de\/wp-content\/uploads\/2024\/11\/Albrecht_Hoch_2-1200x1847.jpg 1200w, https:\/\/www.esra-bibelnfueralle.de\/wp-content\/uploads\/2024\/11\/Albrecht_Hoch_2.jpg 1535w\" sizes=\"auto, (max-width: 112px) 85vw, 112px\" \/><\/p>\n<p>Haben sie sich schon einmal die Frage gestellt, was ihnen fehlen w\u00fcrde, wenn sie keine eigene Bibel h\u00e4tten?<br \/>\nOhne Gottes Wort, fehlt uns da nicht die Orientierung und mangelt es am Wissen um die Gr\u00f6\u00dfe der Liebe Gottes?<br \/>\nWas f\u00fcr ein Geschenk ist es darum, eine eigene Bibel zu besitzen und erst recht, eine zu bekommen, wenn man sie sich selbst nicht leisten kann!<br \/>\nOb es eine Sportlerbibel in der eigenen Sprache ist, oder eine russische Studienbibel, Gottes Wort m\u00f6chte gelesen, soll studiert und gebraucht werden. Jesus Christus spricht darin selbst in menschliches Leben hinein und das f\u00fchrt zu Entscheidungen.<br \/>\nWir danken ihnen herzlich, wenn sie mit uns zur Verbreitung von Gottes Wort beitragen. Dem Ziel \u201eBibeln f\u00fcr alle\u201c kommen wir dank ihrer Hilfe etwas n\u00e4her.<\/p>\n<p>Pfarrer Albrecht Hoch<br \/>\n(1. Vorsitzender)<\/p>\n","protected":false},"excerpt":{"rendered":"<p>Und seid nicht bek\u00fcmmert; denn die Freude am HERRN ist eure St\u00e4rke. Und die Leviten hie\u00dfen alles Volk schweigen und sprachen: Seid still, denn der Tag ist heilig; seid nicht bek\u00fcmmert!\u2002Und alles Volk ging hin, (..) denn sie hatten die Worte verstanden, die man ihnen kundgetan hatte. Nehemia 8, 10ff &nbsp; Haben sie sich schon &hellip; <a href=\"https:\/\/www.esra-bibelnfueralle.de\/\" class=\"more-link\"><span class=\"screen-reader-text\">\u201eWillkommen bei ESRA e.V.\u201c <\/span>weiterlesen<\/a><\/p>\n","protected":false},"author":1,"featured_media":0,"parent":0,"menu_order":0,"comment_status":"closed","ping_status":"open","template":"","meta":{"footnotes":""},"class_list":["post-2","page","type-page","status-publish","hentry"],"_links":{"self":[{"href":"https:\/\/www.esra-bibelnfueralle.de\/index.php?rest_route=\/wp\/v2\/pages\/2","targetHints":{"allow":["GET"]}}],"collection":[{"href":"https:\/\/www.esra-bibelnfueralle.de\/index.php?rest_route=\/wp\/v2\/pages"}],"about":[{"href":"https:\/\/www.esra-bibelnfueralle.de\/index.php?rest_route=\/wp\/v2\/types\/page"}],"author":[{"embeddable":true,"href":"https:\/\/www.esra-bibelnfueralle.de\/index.php?rest_route=\/wp\/v2\/users\/1"}],"replies":[{"embeddable":true,"href":"https:\/\/www.esra-bibelnfueralle.de\/index.php?rest_route=%2Fwp%2Fv2%2Fcomments&post=2"}],"version-history":[{"count":5,"href":"https:\/\/www.esra-bibelnfueralle.de\/index.php?rest_route=\/wp\/v2\/pages\/2\/revisions"}],"predecessor-version":[{"id":62,"href":"https:\/\/www.esra-bibelnfueralle.de\/index.php?rest_route=\/wp\/v2\/pages\/2\/revisions\/62"}],"wp:attachment":[{"href":"https:\/\/www.esra-bibelnfueralle.de\/index.php?rest_route=%2Fwp%2Fv2%2Fmedia&parent=2"}],"curies":[{"name":"wp","href":"https:\/\/api.w.org\/{rel}","templated":true}]}}